{"id":3024,"date":"2021-11-26T13:44:26","date_gmt":"2021-11-26T12:44:26","guid":{"rendered":"http:\/\/aura-groupechevalier.fr\/?page_id=3024"},"modified":"2025-10-02T14:57:30","modified_gmt":"2025-10-02T12:57:30","slug":"aura-groupe-chevalier-2","status":"publish","type":"page","link":"https:\/\/aura-groupechevalier.fr\/?page_id=3024","title":{"rendered":"Contact"},"content":{"rendered":"\t\t<div data-elementor-type=\"wp-page\" data-elementor-id=\"3024\" class=\"elementor elementor-3024\" data-elementor-post-type=\"page\">\n\t\t\t\t\t\t<section class=\"elementor-section elementor-top-section elementor-element elementor-element-42ebbb1e elementor-section-full_width elementor-section-content-middle elementor-section-stretched elementor-section-height-min-height elementor-section-height-default elementor-section-items-middle\" data-id=\"42ebbb1e\" data-element_type=\"section\" data-e-type=\"section\" data-settings=\"{&quot;background_background&quot;:&quot;classic&quot;,&quot;stretch_section&quot;:&quot;section-stretched&quot;,&quot;shape_divider_top&quot;:&quot;opacity-tilt&quot;}\">\n\t\t\t\t\t<div class=\"elementor-shape elementor-shape-top\" aria-hidden=\"true\" data-negative=\"false\">\n\t\t\t<svg xmlns=\"http:\/\/www.w3.org\/2000\/svg\" viewBox=\"0 0 2600 131.1\" preserveAspectRatio=\"none\">\n\t<path class=\"elementor-shape-fill\" d=\"M0 0L2600 0 2600 69.1 0 0z\"\/>\n\t<path class=\"elementor-shape-fill\" style=\"opacity:0.5\" d=\"M0 0L2600 0 2600 69.1 0 69.1z\"\/>\n\t<path class=\"elementor-shape-fill\" style=\"opacity:0.25\" d=\"M2600 0L0 0 0 130.1 2600 69.1z\"\/>\n<\/svg>\t\t<\/div>\n\t\t\t\t\t<div class=\"elementor-container elementor-column-gap-wide\">\n\t\t\t\t\t<div class=\"elementor-column elementor-col-33 elementor-top-column elementor-element elementor-element-76848982\" data-id=\"76848982\" data-element_type=\"column\" data-e-type=\"column\">\n\t\t\t<div class=\"elementor-widget-wrap elementor-element-populated\">\n\t\t\t\t\t\t<div class=\"elementor-element elementor-element-f84f146 elementor-widget-mobile__width-inherit elementor-widget elementor-widget-image\" data-id=\"f84f146\" data-element_type=\"widget\" data-e-type=\"widget\" data-settings=\"{&quot;_animation&quot;:&quot;none&quot;}\" data-widget_type=\"image.default\">\n\t\t\t\t<div class=\"elementor-widget-container\">\n\t\t\t\t\t\t\t\t\t\t\t\t\t\t\t\t<a href=\"http:\/\/aura-groupechevalier.fr\/wp-content\/uploads\/2021\/12\/image-trio.png\" data-elementor-open-lightbox=\"yes\" data-elementor-lightbox-title=\"image-trio\" data-e-action-hash=\"#elementor-action%3Aaction%3Dlightbox%26settings%3DeyJpZCI6NDIyNiwidXJsIjoiaHR0cHM6XC9cL2F1cmEtZ3JvdXBlY2hldmFsaWVyLmZyXC93cC1jb250ZW50XC91cGxvYWRzXC8yMDIxXC8xMlwvaW1hZ2UtdHJpby5wbmcifQ%3D%3D\">\n\t\t\t\t\t\t\t<img fetchpriority=\"high\" decoding=\"async\" width=\"3027\" height=\"2213\" src=\"https:\/\/aura-groupechevalier.fr\/wp-content\/uploads\/2021\/12\/image-trio.png\" class=\"attachment-full size-full wp-image-4226\" alt=\"\" srcset=\"https:\/\/aura-groupechevalier.fr\/wp-content\/uploads\/2021\/12\/image-trio.png 3027w, https:\/\/aura-groupechevalier.fr\/wp-content\/uploads\/2021\/12\/image-trio-300x219.png 300w, https:\/\/aura-groupechevalier.fr\/wp-content\/uploads\/2021\/12\/image-trio-1024x749.png 1024w, https:\/\/aura-groupechevalier.fr\/wp-content\/uploads\/2021\/12\/image-trio-768x561.png 768w, https:\/\/aura-groupechevalier.fr\/wp-content\/uploads\/2021\/12\/image-trio-1536x1123.png 1536w, https:\/\/aura-groupechevalier.fr\/wp-content\/uploads\/2021\/12\/image-trio-2048x1497.png 2048w\" sizes=\"(max-width: 3027px) 100vw, 3027px\" \/>\t\t\t\t\t\t\t\t<\/a>\n\t\t\t\t\t\t\t\t\t\t\t\t\t\t\t<\/div>\n\t\t\t\t<\/div>\n\t\t\t\t\t<\/div>\n\t\t<\/div>\n\t\t\t\t<div class=\"elementor-column elementor-col-33 elementor-top-column elementor-element elementor-element-dd15e2c\" data-id=\"dd15e2c\" data-element_type=\"column\" data-e-type=\"column\">\n\t\t\t<div class=\"elementor-widget-wrap elementor-element-populated\">\n\t\t\t\t\t\t<div class=\"elementor-element elementor-element-45f4eb9 elementor-align-start elementor-icon-list--layout-traditional elementor-list-item-link-full_width elementor-widget elementor-widget-icon-list\" data-id=\"45f4eb9\" data-element_type=\"widget\" data-e-type=\"widget\" data-widget_type=\"icon-list.default\">\n\t\t\t\t<div class=\"elementor-widget-container\">\n\t\t\t\t\t\t\t<ul class=\"elementor-icon-list-items\">\n\t\t\t\t\t\t\t<li class=\"elementor-icon-list-item\">\n\t\t\t\t\t\t\t\t\t\t\t<a href=\"https:\/\/www.google.fr\/maps\/place\/27+Rue+des+Tressanges,+85270+Saint-Hilaire-de-Riez\/@46.7096221,-1.9654633,17z\/data=!3m1!4b1!4m5!3m4!1s0x4804f895ae80e8d7:0x2013b0f4e3baeb11!8m2!3d46.7096221!4d-1.9632693\" target=\"_blank\">\n\n\t\t\t\t\t\t\t\t\t\t\t\t<span class=\"elementor-icon-list-icon\">\n\t\t\t\t\t\t\t<i aria-hidden=\"true\" class=\"icon icon-apartment\"><\/i>\t\t\t\t\t\t<\/span>\n\t\t\t\t\t\t\t\t\t\t<span class=\"elementor-icon-list-text\"><b>Nous rencontrer : <\/b>  Z.A du Terre - Fort - 27 rue des Tressanges<\/br>85270 SAINT-HILAIRE - DE - RIEZ<\/span>\n\t\t\t\t\t\t\t\t\t\t\t<\/a>\n\t\t\t\t\t\t\t\t\t<\/li>\n\t\t\t\t\t\t\t\t<li class=\"elementor-icon-list-item\">\n\t\t\t\t\t\t\t\t\t\t\t<a href=\"tel:+251559999\u203302%2051%2055%2099%2099\">\n\n\t\t\t\t\t\t\t\t\t\t\t\t<span class=\"elementor-icon-list-icon\">\n\t\t\t\t\t\t\t<i aria-hidden=\"true\" class=\"icon icon-phone-call1\"><\/i>\t\t\t\t\t\t<\/span>\n\t\t\t\t\t\t\t\t\t\t<span class=\"elementor-icon-list-text\"><b>T\u00e9l\u00e9phone :<\/b> 02 51 55 99 99<\/span>\n\t\t\t\t\t\t\t\t\t\t\t<\/a>\n\t\t\t\t\t\t\t\t\t<\/li>\n\t\t\t\t\t\t\t\t<li class=\"elementor-icon-list-item\">\n\t\t\t\t\t\t\t\t\t\t\t<a href=\"mailto:contact@aura-groupechevalier.fr%20\" target=\"_blank\">\n\n\t\t\t\t\t\t\t\t\t\t\t\t<span class=\"elementor-icon-list-icon\">\n\t\t\t\t\t\t\t<i aria-hidden=\"true\" class=\"icon icon-contact-form\"><\/i>\t\t\t\t\t\t<\/span>\n\t\t\t\t\t\t\t\t\t\t<span class=\"elementor-icon-list-text\"><b>Nous \u00e9crire :<\/b> contact@aura-groupechevalier.fr <\/span>\n\t\t\t\t\t\t\t\t\t\t\t<\/a>\n\t\t\t\t\t\t\t\t\t<\/li>\n\t\t\t\t\t\t<\/ul>\n\t\t\t\t\t\t<\/div>\n\t\t\t\t<\/div>\n\t\t\t\t\t<\/div>\n\t\t<\/div>\n\t\t\t\t<div class=\"elementor-column elementor-col-33 elementor-top-column elementor-element elementor-element-b245f83\" data-id=\"b245f83\" data-element_type=\"column\" data-e-type=\"column\">\n\t\t\t<div class=\"elementor-widget-wrap elementor-element-populated\">\n\t\t\t\t\t\t<div class=\"elementor-element elementor-element-be6fc32 elementor-widget elementor-widget-google_maps\" data-id=\"be6fc32\" data-element_type=\"widget\" data-e-type=\"widget\" data-widget_type=\"google_maps.default\">\n\t\t\t\t<div class=\"elementor-widget-container\">\n\t\t\t\t\t\t\t<div class=\"elementor-custom-embed\">\n\t\t\t<iframe loading=\"lazy\"\n\t\t\t\t\tsrc=\"https:\/\/maps.google.com\/maps?q=27%20rue%20des%20tressanges%2085270%20saint%20hilaires&#038;t=m&#038;z=11&#038;output=embed&#038;iwloc=near\"\n\t\t\t\t\ttitle=\"27 rue des tressanges 85270 saint hilaires\"\n\t\t\t\t\taria-label=\"27 rue des tressanges 85270 saint hilaires\"\n\t\t\t><\/iframe>\n\t\t<\/div>\n\t\t\t\t\t\t<\/div>\n\t\t\t\t<\/div>\n\t\t\t\t\t<\/div>\n\t\t<\/div>\n\t\t\t\t\t<\/div>\n\t\t<\/section>\n\t\t\t\t<section class=\"elementor-section elementor-top-section elementor-element elementor-element-72ed74b elementor-section-boxed elementor-section-height-default elementor-section-height-default\" data-id=\"72ed74b\" data-element_type=\"section\" data-e-type=\"section\">\n\t\t\t\t\t\t<div class=\"elementor-container elementor-column-gap-default\">\n\t\t\t\t\t<div class=\"elementor-column elementor-col-100 elementor-top-column elementor-element elementor-element-5b17f3e\" data-id=\"5b17f3e\" data-element_type=\"column\" data-e-type=\"column\">\n\t\t\t<div class=\"elementor-widget-wrap elementor-element-populated\">\n\t\t\t\t\t\t<div class=\"elementor-element elementor-element-68ff4e8 elementor-widget elementor-widget-heading\" data-id=\"68ff4e8\" data-element_type=\"widget\" data-e-type=\"widget\" data-widget_type=\"heading.default\">\n\t\t\t\t<div class=\"elementor-widget-container\">\n\t\t\t\t\t<h1 class=\"elementor-heading-title elementor-size-default\">Demande de renseignements<\/h1>\t\t\t\t<\/div>\n\t\t\t\t<\/div>\n\t\t\t\t\t<\/div>\n\t\t<\/div>\n\t\t\t\t\t<\/div>\n\t\t<\/section>\n\t\t\t\t<section class=\"elementor-section elementor-top-section elementor-element elementor-element-3fc9554 elementor-section-height-min-height elementor-section-boxed elementor-section-height-default elementor-section-items-middle\" data-id=\"3fc9554\" data-element_type=\"section\" data-e-type=\"section\">\n\t\t\t\t\t\t<div class=\"elementor-container elementor-column-gap-no\">\n\t\t\t\t\t<div class=\"elementor-column elementor-col-100 elementor-top-column elementor-element elementor-element-ffdc31d\" data-id=\"ffdc31d\" data-element_type=\"column\" data-e-type=\"column\">\n\t\t\t<div class=\"elementor-widget-wrap elementor-element-populated\">\n\t\t\t\t\t\t<div class=\"elementor-element elementor-element-baee072 elementor-tablet-button-align-center elementor-button-align-stretch elementor-widget elementor-widget-form\" data-id=\"baee072\" data-element_type=\"widget\" data-e-type=\"widget\" data-settings=\"{&quot;step_next_label&quot;:&quot;Next&quot;,&quot;step_previous_label&quot;:&quot;Previous&quot;,&quot;step_type&quot;:&quot;number_text&quot;,&quot;step_icon_shape&quot;:&quot;circle&quot;}\" data-widget_type=\"form.default\">\n\t\t\t\t<div class=\"elementor-widget-container\">\n\t\t\t\t\t\t\t<form class=\"elementor-form\" method=\"post\" name=\"New Form\" aria-label=\"New Form\">\n\t\t\t<input type=\"hidden\" name=\"post_id\" value=\"3024\"\/>\n\t\t\t<input type=\"hidden\" name=\"form_id\" value=\"baee072\"\/>\n\t\t\t<input type=\"hidden\" name=\"referer_title\" value=\"Contact - Aura Groupe Chevalier\" \/>\n\n\t\t\t\t\t\t\t<input type=\"hidden\" name=\"queried_id\" value=\"3024\"\/>\n\t\t\t\n\t\t\t<div class=\"elementor-form-fields-wrapper elementor-labels-above\">\n\t\t\t\t\t\t\t\t<div class=\"elementor-field-type-text elementor-field-group elementor-column elementor-field-group-name elementor-col-50 elementor-field-required elementor-mark-required\">\n\t\t\t\t\t\t\t\t\t\t\t\t\t<input size=\"1\" type=\"text\" name=\"form_fields[name]\" id=\"form-field-name\" class=\"elementor-field elementor-size-sm  elementor-field-textual\" placeholder=\"Nom\" required=\"required\">\n\t\t\t\t\t\t\t\t\t\t\t<\/div>\n\t\t\t\t\t\t\t\t<div class=\"elementor-field-type-email elementor-field-group elementor-column elementor-field-group-email elementor-col-100 elementor-field-required elementor-mark-required\">\n\t\t\t\t\t\t\t\t\t\t\t\t\t<input size=\"1\" type=\"email\" name=\"form_fields[email]\" id=\"form-field-email\" class=\"elementor-field elementor-size-sm  elementor-field-textual\" placeholder=\"Email\" required=\"required\">\n\t\t\t\t\t\t\t\t\t\t\t<\/div>\n\t\t\t\t\t\t\t\t<div class=\"elementor-field-type-textarea elementor-field-group elementor-column elementor-field-group-message elementor-col-100\">\n\t\t\t\t\t<textarea class=\"elementor-field-textual elementor-field  elementor-size-sm\" name=\"form_fields[message]\" id=\"form-field-message\" rows=\"4\" placeholder=\"Message\"><\/textarea>\t\t\t\t<\/div>\n\t\t\t\t\t\t\t\t<div class=\"elementor-field-type-recaptcha elementor-field-group elementor-column elementor-field-group-field_bbc2fe1 elementor-col-100\">\n\t\t\t\t\t<div class=\"elementor-field\" id=\"form-field-field_bbc2fe1\"><div class=\"elementor-g-recaptcha\" data-sitekey=\"6LfkZQoeAAAAALtP0fV9wmkPwNf70UDx1alEzobp\" data-type=\"v2_checkbox\" data-theme=\"light\" data-size=\"normal\"><\/div><\/div>\t\t\t\t<\/div>\n\t\t\t\t\t\t\t\t<div class=\"elementor-field-group elementor-column elementor-field-type-submit elementor-col-100 e-form__buttons\">\n\t\t\t\t\t<button class=\"elementor-button elementor-size-sm\" type=\"submit\">\n\t\t\t\t\t\t<span class=\"elementor-button-content-wrapper\">\n\t\t\t\t\t\t\t\t\t\t\t\t\t\t\t\t\t\t\t\t\t\t<span class=\"elementor-button-text\">Envoyer<\/span>\n\t\t\t\t\t\t\t\t\t\t\t\t\t<\/span>\n\t\t\t\t\t<\/button>\n\t\t\t\t<\/div>\n\t\t\t<\/div>\n\t\t<\/form>\n\t\t\t\t\t\t<\/div>\n\t\t\t\t<\/div>\n\t\t\t\t\t<\/div>\n\t\t<\/div>\n\t\t\t\t\t<\/div>\n\t\t<\/section>\n\t\t\t\t<section class=\"elementor-section elementor-top-section elementor-element elementor-element-e9e29f0 elementor-hidden-tablet elementor-hidden-mobile elementor-section-boxed elementor-section-height-default elementor-section-height-default\" data-id=\"e9e29f0\" data-element_type=\"section\" data-e-type=\"section\">\n\t\t\t\t\t\t<div class=\"elementor-container elementor-column-gap-default\">\n\t\t\t\t\t<div class=\"elementor-column elementor-col-100 elementor-top-column elementor-element elementor-element-7fd3b7c\" data-id=\"7fd3b7c\" data-element_type=\"column\" data-e-type=\"column\">\n\t\t\t<div class=\"elementor-widget-wrap elementor-element-populated\">\n\t\t\t\t\t\t<div class=\"elementor-element elementor-element-d542da1 elementor-widget elementor-widget-image\" data-id=\"d542da1\" data-element_type=\"widget\" data-e-type=\"widget\" data-widget_type=\"image.default\">\n\t\t\t\t<div class=\"elementor-widget-container\">\n\t\t\t\t\t\t\t\t\t\t\t\t\t\t\t<img decoding=\"async\" width=\"924\" height=\"41\" src=\"https:\/\/aura-groupechevalier.fr\/wp-content\/uploads\/2021\/12\/120.webp\" class=\"attachment-full size-full wp-image-4239\" alt=\"\" srcset=\"https:\/\/aura-groupechevalier.fr\/wp-content\/uploads\/2021\/12\/120.webp 924w, https:\/\/aura-groupechevalier.fr\/wp-content\/uploads\/2021\/12\/120-300x13.webp 300w, https:\/\/aura-groupechevalier.fr\/wp-content\/uploads\/2021\/12\/120-768x34.webp 768w\" sizes=\"(max-width: 924px) 100vw, 924px\" \/>\t\t\t\t\t\t\t\t\t\t\t\t\t\t\t<\/div>\n\t\t\t\t<\/div>\n\t\t\t\t\t<\/div>\n\t\t<\/div>\n\t\t\t\t\t<\/div>\n\t\t<\/section>\n\t\t\t\t<\/div>\n\t\t","protected":false},"excerpt":{"rendered":"<p>Nous rencontrer : Z.A du Terre &#8211; Fort &#8211; 27 rue des Tressanges85270 SAINT-HILAIRE &#8211; DE &#8211; RIEZ T\u00e9l\u00e9phone : 02 51 55 99 99 Nous \u00e9crire : contact@aura-groupechevalier.fr Demande de renseignements<\/p>\n","protected":false},"author":1,"featured_media":0,"parent":0,"menu_order":0,"comment_status":"closed","ping_status":"closed","template":"","meta":{"site-sidebar-layout":"default","site-content-layout":"default","ast-site-content-layout":"default","site-content-style":"default","site-sidebar-style":"default","ast-global-header-display":"","ast-banner-title-visibility":"","ast-main-header-display":"","ast-hfb-above-header-display":"","ast-hfb-below-header-display":"","ast-hfb-mobile-header-display":"","site-post-title":"","ast-breadcrumbs-content":"","ast-featured-img":"","footer-sml-layout":"","ast-disable-related-posts":"","theme-transparent-header-meta":"default","adv-header-id-meta":"","stick-header-meta":"","header-above-stick-meta":"","header-main-stick-meta":"","header-below-stick-meta":"","astra-migrate-meta-layouts":"set","ast-page-background-enabled":"default","ast-page-background-meta":{"desktop":{"background-color":"var(--ast-global-color-4)","background-image":"","background-repeat":"repeat","background-position":"center center","background-size":"auto","background-attachment":"scroll","background-type":"","background-media":"","overlay-type":"","overlay-color":"","overlay-opacity":"","overlay-gradient":""},"tablet":{"background-color":"","background-image":"","background-repeat":"repeat","background-position":"center center","background-size":"auto","background-attachment":"scroll","background-type":"","background-media":"","overlay-type":"","overlay-color":"","overlay-opacity":"","overlay-gradient":""},"mobile":{"background-color":"","background-image":"","background-repeat":"repeat","background-position":"center center","background-size":"auto","background-attachment":"scroll","background-type":"","background-media":"","overlay-type":"","overlay-color":"","overlay-opacity":"","overlay-gradient":""}},"ast-content-background-meta":{"desktop":{"background-color":"var(--ast-global-color-5)","background-image":"","background-repeat":"repeat","background-position":"center center","background-size":"auto","background-attachment":"scroll","background-type":"","background-media":"","overlay-type":"","overlay-color":"","overlay-opacity":"","overlay-gradient":""},"tablet":{"background-color":"var(--ast-global-color-5)","background-image":"","background-repeat":"repeat","background-position":"center center","background-size":"auto","background-attachment":"scroll","background-type":"","background-media":"","overlay-type":"","overlay-color":"","overlay-opacity":"","overlay-gradient":""},"mobile":{"background-color":"var(--ast-global-color-5)","background-image":"","background-repeat":"repeat","background-position":"center center","background-size":"auto","background-attachment":"scroll","background-type":"","background-media":"","overlay-type":"","overlay-color":"","overlay-opacity":"","overlay-gradient":""}},"footnotes":""},"class_list":["post-3024","page","type-page","status-publish","hentry"],"yoast_head":"<!-- This site is optimized with the Yoast SEO plugin v27.4 - https:\/\/yoast.com\/product\/yoast-seo-wordpress\/ -->\n<title>Contact - Aura Groupe Chevalier<\/title>\n<meta name=\"description\" content=\"Nous rencontrer : Z.A du Terre - Fort - 27 rue des Tressanges, 02 51 55 99 99 ou contact@aura-groupechevalier.fr\" \/>\n<meta name=\"robots\" content=\"index, follow, max-snippet:-1, max-image-preview:large, max-video-preview:-1\" \/>\n<link rel=\"canonical\" href=\"https:\/\/aura-groupechevalier.fr\/?page_id=3024\" \/>\n<meta property=\"og:locale\" content=\"fr_FR\" \/>\n<meta property=\"og:type\" content=\"article\" \/>\n<meta property=\"og:title\" content=\"Contact - Aura Groupe Chevalier\" \/>\n<meta property=\"og:description\" content=\"Nous rencontrer : Z.A du Terre - Fort - 27 rue des Tressanges, 02 51 55 99 99 ou contact@aura-groupechevalier.fr\" \/>\n<meta property=\"og:url\" content=\"https:\/\/aura-groupechevalier.fr\/?page_id=3024\" \/>\n<meta property=\"article:modified_time\" content=\"2025-10-02T12:57:30+00:00\" \/>\n<meta property=\"og:image\" content=\"https:\/\/aura-groupechevalier.fr\/wp-content\/uploads\/2021\/12\/image-trio.png\" \/>\n<meta name=\"twitter:card\" content=\"summary_large_image\" \/>\n<meta name=\"twitter:label1\" content=\"Dur\u00e9e de lecture estim\u00e9e\" \/>\n\t<meta name=\"twitter:data1\" content=\"1 minute\" \/>\n<script type=\"application\/ld+json\" class=\"yoast-schema-graph\">{\"@context\":\"https:\\\/\\\/schema.org\",\"@graph\":[{\"@type\":\"WebPage\",\"@id\":\"https:\\\/\\\/aura-groupechevalier.fr\\\/?page_id=3024\",\"url\":\"https:\\\/\\\/aura-groupechevalier.fr\\\/?page_id=3024\",\"name\":\"Contact - Aura Groupe Chevalier\",\"isPartOf\":{\"@id\":\"https:\\\/\\\/aura-groupechevalier.fr\\\/#website\"},\"primaryImageOfPage\":{\"@id\":\"https:\\\/\\\/aura-groupechevalier.fr\\\/?page_id=3024#primaryimage\"},\"image\":{\"@id\":\"https:\\\/\\\/aura-groupechevalier.fr\\\/?page_id=3024#primaryimage\"},\"thumbnailUrl\":\"https:\\\/\\\/aura-groupechevalier.fr\\\/wp-content\\\/uploads\\\/2021\\\/12\\\/image-trio.png\",\"datePublished\":\"2021-11-26T12:44:26+00:00\",\"dateModified\":\"2025-10-02T12:57:30+00:00\",\"description\":\"Nous rencontrer : Z.A du Terre - Fort - 27 rue des Tressanges, 02 51 55 99 99 ou contact@aura-groupechevalier.fr\",\"breadcrumb\":{\"@id\":\"https:\\\/\\\/aura-groupechevalier.fr\\\/?page_id=3024#breadcrumb\"},\"inLanguage\":\"fr-FR\",\"potentialAction\":[{\"@type\":\"ReadAction\",\"target\":[\"https:\\\/\\\/aura-groupechevalier.fr\\\/?page_id=3024\"]}]},{\"@type\":\"ImageObject\",\"inLanguage\":\"fr-FR\",\"@id\":\"https:\\\/\\\/aura-groupechevalier.fr\\\/?page_id=3024#primaryimage\",\"url\":\"https:\\\/\\\/aura-groupechevalier.fr\\\/wp-content\\\/uploads\\\/2021\\\/12\\\/image-trio.png\",\"contentUrl\":\"https:\\\/\\\/aura-groupechevalier.fr\\\/wp-content\\\/uploads\\\/2021\\\/12\\\/image-trio.png\",\"width\":3027,\"height\":2213},{\"@type\":\"BreadcrumbList\",\"@id\":\"https:\\\/\\\/aura-groupechevalier.fr\\\/?page_id=3024#breadcrumb\",\"itemListElement\":[{\"@type\":\"ListItem\",\"position\":1,\"name\":\"Accueil\",\"item\":\"https:\\\/\\\/aura-groupechevalier.fr\\\/\"},{\"@type\":\"ListItem\",\"position\":2,\"name\":\"Contact\"}]},{\"@type\":\"WebSite\",\"@id\":\"https:\\\/\\\/aura-groupechevalier.fr\\\/#website\",\"url\":\"https:\\\/\\\/aura-groupechevalier.fr\\\/\",\"name\":\"\",\"description\":\"Valorisez votre entreprise en communiquant sur les parkings de grandes surfaces\",\"potentialAction\":[{\"@type\":\"SearchAction\",\"target\":{\"@type\":\"EntryPoint\",\"urlTemplate\":\"https:\\\/\\\/aura-groupechevalier.fr\\\/?s={search_term_string}\"},\"query-input\":{\"@type\":\"PropertyValueSpecification\",\"valueRequired\":true,\"valueName\":\"search_term_string\"}}],\"inLanguage\":\"fr-FR\"}]}<\/script>\n<!-- \/ Yoast SEO plugin. -->","yoast_head_json":{"title":"Contact - Aura Groupe Chevalier","description":"Nous rencontrer : Z.A du Terre - Fort - 27 rue des Tressanges, 02 51 55 99 99 ou contact@aura-groupechevalier.fr","robots":{"index":"index","follow":"follow","max-snippet":"max-snippet:-1","max-image-preview":"max-image-preview:large","max-video-preview":"max-video-preview:-1"},"canonical":"https:\/\/aura-groupechevalier.fr\/?page_id=3024","og_locale":"fr_FR","og_type":"article","og_title":"Contact - Aura Groupe Chevalier","og_description":"Nous rencontrer : Z.A du Terre - Fort - 27 rue des Tressanges, 02 51 55 99 99 ou contact@aura-groupechevalier.fr","og_url":"https:\/\/aura-groupechevalier.fr\/?page_id=3024","article_modified_time":"2025-10-02T12:57:30+00:00","og_image":[{"url":"https:\/\/aura-groupechevalier.fr\/wp-content\/uploads\/2021\/12\/image-trio.png","type":"","width":"","height":""}],"twitter_card":"summary_large_image","twitter_misc":{"Dur\u00e9e de lecture estim\u00e9e":"1 minute"},"schema":{"@context":"https:\/\/schema.org","@graph":[{"@type":"WebPage","@id":"https:\/\/aura-groupechevalier.fr\/?page_id=3024","url":"https:\/\/aura-groupechevalier.fr\/?page_id=3024","name":"Contact - Aura Groupe Chevalier","isPartOf":{"@id":"https:\/\/aura-groupechevalier.fr\/#website"},"primaryImageOfPage":{"@id":"https:\/\/aura-groupechevalier.fr\/?page_id=3024#primaryimage"},"image":{"@id":"https:\/\/aura-groupechevalier.fr\/?page_id=3024#primaryimage"},"thumbnailUrl":"https:\/\/aura-groupechevalier.fr\/wp-content\/uploads\/2021\/12\/image-trio.png","datePublished":"2021-11-26T12:44:26+00:00","dateModified":"2025-10-02T12:57:30+00:00","description":"Nous rencontrer : Z.A du Terre - Fort - 27 rue des Tressanges, 02 51 55 99 99 ou contact@aura-groupechevalier.fr","breadcrumb":{"@id":"https:\/\/aura-groupechevalier.fr\/?page_id=3024#breadcrumb"},"inLanguage":"fr-FR","potentialAction":[{"@type":"ReadAction","target":["https:\/\/aura-groupechevalier.fr\/?page_id=3024"]}]},{"@type":"ImageObject","inLanguage":"fr-FR","@id":"https:\/\/aura-groupechevalier.fr\/?page_id=3024#primaryimage","url":"https:\/\/aura-groupechevalier.fr\/wp-content\/uploads\/2021\/12\/image-trio.png","contentUrl":"https:\/\/aura-groupechevalier.fr\/wp-content\/uploads\/2021\/12\/image-trio.png","width":3027,"height":2213},{"@type":"BreadcrumbList","@id":"https:\/\/aura-groupechevalier.fr\/?page_id=3024#breadcrumb","itemListElement":[{"@type":"ListItem","position":1,"name":"Accueil","item":"https:\/\/aura-groupechevalier.fr\/"},{"@type":"ListItem","position":2,"name":"Contact"}]},{"@type":"WebSite","@id":"https:\/\/aura-groupechevalier.fr\/#website","url":"https:\/\/aura-groupechevalier.fr\/","name":"","description":"Valorisez votre entreprise en communiquant sur les parkings de grandes surfaces","potentialAction":[{"@type":"SearchAction","target":{"@type":"EntryPoint","urlTemplate":"https:\/\/aura-groupechevalier.fr\/?s={search_term_string}"},"query-input":{"@type":"PropertyValueSpecification","valueRequired":true,"valueName":"search_term_string"}}],"inLanguage":"fr-FR"}]}},"_links":{"self":[{"href":"https:\/\/aura-groupechevalier.fr\/index.php?rest_route=\/wp\/v2\/pages\/3024","targetHints":{"allow":["GET"]}}],"collection":[{"href":"https:\/\/aura-groupechevalier.fr\/index.php?rest_route=\/wp\/v2\/pages"}],"about":[{"href":"https:\/\/aura-groupechevalier.fr\/index.php?rest_route=\/wp\/v2\/types\/page"}],"author":[{"embeddable":true,"href":"https:\/\/aura-groupechevalier.fr\/index.php?rest_route=\/wp\/v2\/users\/1"}],"replies":[{"embeddable":true,"href":"https:\/\/aura-groupechevalier.fr\/index.php?rest_route=%2Fwp%2Fv2%2Fcomments&post=3024"}],"version-history":[{"count":301,"href":"https:\/\/aura-groupechevalier.fr\/index.php?rest_route=\/wp\/v2\/pages\/3024\/revisions"}],"predecessor-version":[{"id":5189,"href":"https:\/\/aura-groupechevalier.fr\/index.php?rest_route=\/wp\/v2\/pages\/3024\/revisions\/5189"}],"wp:attachment":[{"href":"https:\/\/aura-groupechevalier.fr\/index.php?rest_route=%2Fwp%2Fv2%2Fmedia&parent=3024"}],"curies":[{"name":"wp","href":"https:\/\/api.w.org\/{rel}","templated":true}]}}