{"id":3430,"date":"2021-12-03T14:08:13","date_gmt":"2021-12-03T13:08:13","guid":{"rendered":"http:\/\/aura-groupechevalier.fr\/?page_id=3430"},"modified":"2025-10-02T14:58:47","modified_gmt":"2025-10-02T12:58:47","slug":"implantation","status":"publish","type":"page","link":"https:\/\/aura-groupechevalier.fr\/?page_id=3430","title":{"rendered":"Implantation"},"content":{"rendered":"\t\t<div data-elementor-type=\"wp-page\" data-elementor-id=\"3430\" class=\"elementor elementor-3430\" data-elementor-post-type=\"page\">\n\t\t\t\t\t\t<section class=\"elementor-section elementor-top-section elementor-element elementor-element-261bd79 elementor-section-full_width elementor-section-height-min-height elementor-section-items-stretch elementor-section-content-middle elementor-section-height-default\" data-id=\"261bd79\" data-element_type=\"section\" data-e-type=\"section\" data-settings=\"{&quot;background_background&quot;:&quot;classic&quot;}\">\n\t\t\t\t\t\t<div class=\"elementor-container elementor-column-gap-default\">\n\t\t\t\t\t<div class=\"elementor-column elementor-col-100 elementor-top-column elementor-element elementor-element-f9f9870\" data-id=\"f9f9870\" data-element_type=\"column\" data-e-type=\"column\">\n\t\t\t<div class=\"elementor-widget-wrap elementor-element-populated\">\n\t\t\t\t\t\t<div class=\"elementor-element elementor-element-2e2480c elementor-widget elementor-widget-text-editor\" data-id=\"2e2480c\" data-element_type=\"widget\" data-e-type=\"widget\" data-widget_type=\"text-editor.default\">\n\t\t\t\t<div class=\"elementor-widget-container\">\n\t\t\t\t\t\t\t\t\t<p>Vous souhaitez devenir annonceur ?<\/p>\t\t\t\t\t\t\t\t<\/div>\n\t\t\t\t<\/div>\n\t\t\t\t<div class=\"elementor-element elementor-element-ae21030 elementor-widget elementor-widget-text-editor\" data-id=\"ae21030\" data-element_type=\"widget\" data-e-type=\"widget\" data-widget_type=\"text-editor.default\">\n\t\t\t\t<div class=\"elementor-widget-container\">\n\t\t\t\t\t\t\t\t\t<p>Stoppez la concurrence et d\u00e9veloppez votre communication !<\/p><p>Contactez-nous, nous vous r\u00e9pondrons dans les plus brefs d\u00e9lais.<\/p>\t\t\t\t\t\t\t\t<\/div>\n\t\t\t\t<\/div>\n\t\t\t\t\t<\/div>\n\t\t<\/div>\n\t\t\t\t\t<\/div>\n\t\t<\/section>\n\t\t\t\t<section class=\"elementor-section elementor-top-section elementor-element elementor-element-e146413 elementor-section-boxed elementor-section-height-default elementor-section-height-default\" data-id=\"e146413\" data-element_type=\"section\" data-e-type=\"section\" data-settings=\"{&quot;background_background&quot;:&quot;classic&quot;}\">\n\t\t\t\t\t\t<div class=\"elementor-container elementor-column-gap-default\">\n\t\t\t\t\t<div class=\"elementor-column elementor-col-100 elementor-top-column elementor-element elementor-element-5265da5\" data-id=\"5265da5\" data-element_type=\"column\" data-e-type=\"column\">\n\t\t\t<div class=\"elementor-widget-wrap elementor-element-populated\">\n\t\t\t\t\t\t<div class=\"elementor-element elementor-element-998eea3 elementor-align-right elementor-mobile-align-center elementor-widget elementor-widget-button\" data-id=\"998eea3\" data-element_type=\"widget\" data-e-type=\"widget\" data-widget_type=\"button.default\">\n\t\t\t\t<div class=\"elementor-widget-container\">\n\t\t\t\t\t\t\t\t\t<div class=\"elementor-button-wrapper\">\n\t\t\t\t\t<a class=\"elementor-button elementor-button-link elementor-size-md\" href=\"http:\/\/aura-groupechevalier.fr\/?page_id=3024\">\n\t\t\t\t\t\t<span class=\"elementor-button-content-wrapper\">\n\t\t\t\t\t\t<span class=\"elementor-button-icon\">\n\t\t\t\t<i aria-hidden=\"true\" class=\"far fa-arrow-alt-circle-right\"><\/i>\t\t\t<\/span>\n\t\t\t\t\t\t\t\t\t<span class=\"elementor-button-text\">Contactez-nous<\/span>\n\t\t\t\t\t<\/span>\n\t\t\t\t\t<\/a>\n\t\t\t\t<\/div>\n\t\t\t\t\t\t\t\t<\/div>\n\t\t\t\t<\/div>\n\t\t\t\t\t<\/div>\n\t\t<\/div>\n\t\t\t\t\t<\/div>\n\t\t<\/section>\n\t\t\t\t<section class=\"elementor-section elementor-top-section elementor-element elementor-element-bf3d017 elementor-section-full_width elementor-section-stretched elementor-section-height-default elementor-section-height-default\" data-id=\"bf3d017\" data-element_type=\"section\" data-e-type=\"section\" data-settings=\"{&quot;stretch_section&quot;:&quot;section-stretched&quot;}\">\n\t\t\t\t\t\t<div class=\"elementor-container elementor-column-gap-default\">\n\t\t\t\t\t<div class=\"elementor-column elementor-col-100 elementor-top-column elementor-element elementor-element-bb3df48\" data-id=\"bb3df48\" data-element_type=\"column\" data-e-type=\"column\">\n\t\t\t<div class=\"elementor-widget-wrap elementor-element-populated\">\n\t\t\t\t\t\t<div class=\"elementor-element elementor-element-74a882e elementor-widget elementor-widget-html\" data-id=\"74a882e\" data-element_type=\"widget\" data-e-type=\"widget\" data-widget_type=\"html.default\">\n\t\t\t\t<div class=\"elementor-widget-container\">\n\t\t\t\t\t<iframe src=\"https:\/\/www.google.com\/maps\/d\/u\/1\/embed?mid=1f9HzeHcphM9Q9hSjvdlY9QXpP0GfUzVk&ehbc=2E312F\" width=\"auto\" height=\"700\"><\/iframe>\n\t\t\t\t<\/div>\n\t\t\t\t<\/div>\n\t\t\t\t\t<\/div>\n\t\t<\/div>\n\t\t\t\t\t<\/div>\n\t\t<\/section>\n\t\t\t\t<section class=\"elementor-section elementor-top-section elementor-element elementor-element-c10cdd5 elementor-section-boxed elementor-section-height-default elementor-section-height-default\" data-id=\"c10cdd5\" data-element_type=\"section\" data-e-type=\"section\">\n\t\t\t\t\t\t<div class=\"elementor-container elementor-column-gap-default\">\n\t\t\t\t\t<div class=\"elementor-column elementor-col-100 elementor-top-column elementor-element elementor-element-da39e68\" data-id=\"da39e68\" data-element_type=\"column\" data-e-type=\"column\">\n\t\t\t<div class=\"elementor-widget-wrap elementor-element-populated\">\n\t\t\t\t\t\t<div class=\"elementor-element elementor-element-a44e519 elementor-hidden-mobile elementor-widget elementor-widget-image\" data-id=\"a44e519\" data-element_type=\"widget\" data-e-type=\"widget\" data-widget_type=\"image.default\">\n\t\t\t\t<div class=\"elementor-widget-container\">\n\t\t\t\t\t\t\t\t\t\t\t\t\t\t\t<img decoding=\"async\" width=\"924\" height=\"41\" src=\"https:\/\/aura-groupechevalier.fr\/wp-content\/uploads\/2021\/12\/120.webp\" class=\"attachment-full size-full wp-image-4239\" alt=\"\" srcset=\"https:\/\/aura-groupechevalier.fr\/wp-content\/uploads\/2021\/12\/120.webp 924w, https:\/\/aura-groupechevalier.fr\/wp-content\/uploads\/2021\/12\/120-300x13.webp 300w, https:\/\/aura-groupechevalier.fr\/wp-content\/uploads\/2021\/12\/120-768x34.webp 768w\" sizes=\"(max-width: 924px) 100vw, 924px\" \/>\t\t\t\t\t\t\t\t\t\t\t\t\t\t\t<\/div>\n\t\t\t\t<\/div>\n\t\t\t\t\t<\/div>\n\t\t<\/div>\n\t\t\t\t\t<\/div>\n\t\t<\/section>\n\t\t\t\t<\/div>\n\t\t","protected":false},"excerpt":{"rendered":"<p>Vous souhaitez devenir annonceur ? Stoppez la concurrence et d\u00e9veloppez votre communication ! Contactez-nous, nous vous r\u00e9pondrons dans les plus brefs d\u00e9lais. Contactez-nous<\/p>\n","protected":false},"author":1,"featured_media":0,"parent":0,"menu_order":0,"comment_status":"closed","ping_status":"closed","template":"","meta":{"site-sidebar-layout":"no-sidebar","site-content-layout":"page-builder","ast-site-content-layout":"full-width-container","site-content-style":"unboxed","site-sidebar-style":"unboxed","ast-global-header-display":"","ast-banner-title-visibility":"","ast-main-header-display":"","ast-hfb-above-header-display":"","ast-hfb-below-header-display":"","ast-hfb-mobile-header-display":"","site-post-title":"disabled","ast-breadcrumbs-content":"","ast-featured-img":"disabled","footer-sml-layout":"","ast-disable-related-posts":"","theme-transparent-header-meta":"default","adv-header-id-meta":"","stick-header-meta":"","header-above-stick-meta":"","header-main-stick-meta":"","header-below-stick-meta":"","astra-migrate-meta-layouts":"set","ast-page-background-enabled":"default","ast-page-background-meta":{"desktop":{"background-color":"var(--ast-global-color-4)","background-image":"","background-repeat":"repeat","background-position":"center center","background-size":"auto","background-attachment":"scroll","background-type":"","background-media":"","overlay-type":"","overlay-color":"","overlay-opacity":"","overlay-gradient":""},"tablet":{"background-color":"","background-image":"","background-repeat":"repeat","background-position":"center center","background-size":"auto","background-attachment":"scroll","background-type":"","background-media":"","overlay-type":"","overlay-color":"","overlay-opacity":"","overlay-gradient":""},"mobile":{"background-color":"","background-image":"","background-repeat":"repeat","background-position":"center center","background-size":"auto","background-attachment":"scroll","background-type":"","background-media":"","overlay-type":"","overlay-color":"","overlay-opacity":"","overlay-gradient":""}},"ast-content-background-meta":{"desktop":{"background-color":"var(--ast-global-color-5)","background-image":"","background-repeat":"repeat","background-position":"center center","background-size":"auto","background-attachment":"scroll","background-type":"","background-media":"","overlay-type":"","overlay-color":"","overlay-opacity":"","overlay-gradient":""},"tablet":{"background-color":"var(--ast-global-color-5)","background-image":"","background-repeat":"repeat","background-position":"center center","background-size":"auto","background-attachment":"scroll","background-type":"","background-media":"","overlay-type":"","overlay-color":"","overlay-opacity":"","overlay-gradient":""},"mobile":{"background-color":"var(--ast-global-color-5)","background-image":"","background-repeat":"repeat","background-position":"center center","background-size":"auto","background-attachment":"scroll","background-type":"","background-media":"","overlay-type":"","overlay-color":"","overlay-opacity":"","overlay-gradient":""}},"footnotes":""},"class_list":["post-3430","page","type-page","status-publish","hentry"],"yoast_head":"<!-- This site is optimized with the Yoast SEO plugin v27.4 - https:\/\/yoast.com\/product\/yoast-seo-wordpress\/ -->\n<title>Implantation - Aura Groupe Chevalier<\/title>\n<meta name=\"description\" content=\"Vous souhaitez devenir annonceur ? Stoppez la concurrence et d\u00e9veloppez votre communication !\" \/>\n<meta name=\"robots\" content=\"index, follow, max-snippet:-1, max-image-preview:large, max-video-preview:-1\" \/>\n<link rel=\"canonical\" href=\"https:\/\/aura-groupechevalier.fr\/?page_id=3430\" \/>\n<meta property=\"og:locale\" content=\"fr_FR\" \/>\n<meta property=\"og:type\" content=\"article\" \/>\n<meta property=\"og:title\" content=\"Implantation - Aura Groupe Chevalier\" \/>\n<meta property=\"og:description\" content=\"Vous souhaitez devenir annonceur ? Stoppez la concurrence et d\u00e9veloppez votre communication !\" \/>\n<meta property=\"og:url\" content=\"https:\/\/aura-groupechevalier.fr\/?page_id=3430\" \/>\n<meta property=\"article:modified_time\" content=\"2025-10-02T12:58:47+00:00\" \/>\n<meta property=\"og:image\" content=\"https:\/\/aura-groupechevalier.fr\/wp-content\/uploads\/2021\/12\/120.webp\" \/>\n<meta name=\"twitter:card\" content=\"summary_large_image\" \/>\n<meta name=\"twitter:label1\" content=\"Dur\u00e9e de lecture estim\u00e9e\" \/>\n\t<meta name=\"twitter:data1\" content=\"1 minute\" \/>\n<script type=\"application\/ld+json\" class=\"yoast-schema-graph\">{\"@context\":\"https:\\\/\\\/schema.org\",\"@graph\":[{\"@type\":\"WebPage\",\"@id\":\"https:\\\/\\\/aura-groupechevalier.fr\\\/?page_id=3430\",\"url\":\"https:\\\/\\\/aura-groupechevalier.fr\\\/?page_id=3430\",\"name\":\"Implantation - Aura Groupe Chevalier\",\"isPartOf\":{\"@id\":\"https:\\\/\\\/aura-groupechevalier.fr\\\/#website\"},\"primaryImageOfPage\":{\"@id\":\"https:\\\/\\\/aura-groupechevalier.fr\\\/?page_id=3430#primaryimage\"},\"image\":{\"@id\":\"https:\\\/\\\/aura-groupechevalier.fr\\\/?page_id=3430#primaryimage\"},\"thumbnailUrl\":\"https:\\\/\\\/aura-groupechevalier.fr\\\/wp-content\\\/uploads\\\/2021\\\/12\\\/120.webp\",\"datePublished\":\"2021-12-03T13:08:13+00:00\",\"dateModified\":\"2025-10-02T12:58:47+00:00\",\"description\":\"Vous souhaitez devenir annonceur ? Stoppez la concurrence et d\u00e9veloppez votre communication !\",\"breadcrumb\":{\"@id\":\"https:\\\/\\\/aura-groupechevalier.fr\\\/?page_id=3430#breadcrumb\"},\"inLanguage\":\"fr-FR\",\"potentialAction\":[{\"@type\":\"ReadAction\",\"target\":[\"https:\\\/\\\/aura-groupechevalier.fr\\\/?page_id=3430\"]}]},{\"@type\":\"ImageObject\",\"inLanguage\":\"fr-FR\",\"@id\":\"https:\\\/\\\/aura-groupechevalier.fr\\\/?page_id=3430#primaryimage\",\"url\":\"https:\\\/\\\/aura-groupechevalier.fr\\\/wp-content\\\/uploads\\\/2021\\\/12\\\/120.webp\",\"contentUrl\":\"https:\\\/\\\/aura-groupechevalier.fr\\\/wp-content\\\/uploads\\\/2021\\\/12\\\/120.webp\",\"width\":924,\"height\":41},{\"@type\":\"BreadcrumbList\",\"@id\":\"https:\\\/\\\/aura-groupechevalier.fr\\\/?page_id=3430#breadcrumb\",\"itemListElement\":[{\"@type\":\"ListItem\",\"position\":1,\"name\":\"Accueil\",\"item\":\"https:\\\/\\\/aura-groupechevalier.fr\\\/\"},{\"@type\":\"ListItem\",\"position\":2,\"name\":\"Implantation\"}]},{\"@type\":\"WebSite\",\"@id\":\"https:\\\/\\\/aura-groupechevalier.fr\\\/#website\",\"url\":\"https:\\\/\\\/aura-groupechevalier.fr\\\/\",\"name\":\"\",\"description\":\"Valorisez votre entreprise en communiquant sur les parkings de grandes surfaces\",\"potentialAction\":[{\"@type\":\"SearchAction\",\"target\":{\"@type\":\"EntryPoint\",\"urlTemplate\":\"https:\\\/\\\/aura-groupechevalier.fr\\\/?s={search_term_string}\"},\"query-input\":{\"@type\":\"PropertyValueSpecification\",\"valueRequired\":true,\"valueName\":\"search_term_string\"}}],\"inLanguage\":\"fr-FR\"}]}<\/script>\n<!-- \/ Yoast SEO plugin. -->","yoast_head_json":{"title":"Implantation - Aura Groupe Chevalier","description":"Vous souhaitez devenir annonceur ? Stoppez la concurrence et d\u00e9veloppez votre communication !","robots":{"index":"index","follow":"follow","max-snippet":"max-snippet:-1","max-image-preview":"max-image-preview:large","max-video-preview":"max-video-preview:-1"},"canonical":"https:\/\/aura-groupechevalier.fr\/?page_id=3430","og_locale":"fr_FR","og_type":"article","og_title":"Implantation - Aura Groupe Chevalier","og_description":"Vous souhaitez devenir annonceur ? Stoppez la concurrence et d\u00e9veloppez votre communication !","og_url":"https:\/\/aura-groupechevalier.fr\/?page_id=3430","article_modified_time":"2025-10-02T12:58:47+00:00","og_image":[{"url":"https:\/\/aura-groupechevalier.fr\/wp-content\/uploads\/2021\/12\/120.webp","type":"","width":"","height":""}],"twitter_card":"summary_large_image","twitter_misc":{"Dur\u00e9e de lecture estim\u00e9e":"1 minute"},"schema":{"@context":"https:\/\/schema.org","@graph":[{"@type":"WebPage","@id":"https:\/\/aura-groupechevalier.fr\/?page_id=3430","url":"https:\/\/aura-groupechevalier.fr\/?page_id=3430","name":"Implantation - Aura Groupe Chevalier","isPartOf":{"@id":"https:\/\/aura-groupechevalier.fr\/#website"},"primaryImageOfPage":{"@id":"https:\/\/aura-groupechevalier.fr\/?page_id=3430#primaryimage"},"image":{"@id":"https:\/\/aura-groupechevalier.fr\/?page_id=3430#primaryimage"},"thumbnailUrl":"https:\/\/aura-groupechevalier.fr\/wp-content\/uploads\/2021\/12\/120.webp","datePublished":"2021-12-03T13:08:13+00:00","dateModified":"2025-10-02T12:58:47+00:00","description":"Vous souhaitez devenir annonceur ? Stoppez la concurrence et d\u00e9veloppez votre communication !","breadcrumb":{"@id":"https:\/\/aura-groupechevalier.fr\/?page_id=3430#breadcrumb"},"inLanguage":"fr-FR","potentialAction":[{"@type":"ReadAction","target":["https:\/\/aura-groupechevalier.fr\/?page_id=3430"]}]},{"@type":"ImageObject","inLanguage":"fr-FR","@id":"https:\/\/aura-groupechevalier.fr\/?page_id=3430#primaryimage","url":"https:\/\/aura-groupechevalier.fr\/wp-content\/uploads\/2021\/12\/120.webp","contentUrl":"https:\/\/aura-groupechevalier.fr\/wp-content\/uploads\/2021\/12\/120.webp","width":924,"height":41},{"@type":"BreadcrumbList","@id":"https:\/\/aura-groupechevalier.fr\/?page_id=3430#breadcrumb","itemListElement":[{"@type":"ListItem","position":1,"name":"Accueil","item":"https:\/\/aura-groupechevalier.fr\/"},{"@type":"ListItem","position":2,"name":"Implantation"}]},{"@type":"WebSite","@id":"https:\/\/aura-groupechevalier.fr\/#website","url":"https:\/\/aura-groupechevalier.fr\/","name":"","description":"Valorisez votre entreprise en communiquant sur les parkings de grandes surfaces","potentialAction":[{"@type":"SearchAction","target":{"@type":"EntryPoint","urlTemplate":"https:\/\/aura-groupechevalier.fr\/?s={search_term_string}"},"query-input":{"@type":"PropertyValueSpecification","valueRequired":true,"valueName":"search_term_string"}}],"inLanguage":"fr-FR"}]}},"_links":{"self":[{"href":"https:\/\/aura-groupechevalier.fr\/index.php?rest_route=\/wp\/v2\/pages\/3430","targetHints":{"allow":["GET"]}}],"collection":[{"href":"https:\/\/aura-groupechevalier.fr\/index.php?rest_route=\/wp\/v2\/pages"}],"about":[{"href":"https:\/\/aura-groupechevalier.fr\/index.php?rest_route=\/wp\/v2\/types\/page"}],"author":[{"embeddable":true,"href":"https:\/\/aura-groupechevalier.fr\/index.php?rest_route=\/wp\/v2\/users\/1"}],"replies":[{"embeddable":true,"href":"https:\/\/aura-groupechevalier.fr\/index.php?rest_route=%2Fwp%2Fv2%2Fcomments&post=3430"}],"version-history":[{"count":307,"href":"https:\/\/aura-groupechevalier.fr\/index.php?rest_route=\/wp\/v2\/pages\/3430\/revisions"}],"predecessor-version":[{"id":5190,"href":"https:\/\/aura-groupechevalier.fr\/index.php?rest_route=\/wp\/v2\/pages\/3430\/revisions\/5190"}],"wp:attachment":[{"href":"https:\/\/aura-groupechevalier.fr\/index.php?rest_route=%2Fwp%2Fv2%2Fmedia&parent=3430"}],"curies":[{"name":"wp","href":"https:\/\/api.w.org\/{rel}","templated":true}]}}