{"id":5177,"date":"2025-02-19T11:03:44","date_gmt":"2025-02-19T10:03:44","guid":{"rendered":"https:\/\/aura-groupechevalier.fr\/?page_id=5177"},"modified":"2025-02-19T11:20:46","modified_gmt":"2025-02-19T10:20:46","slug":"mentions-legales","status":"publish","type":"page","link":"https:\/\/aura-groupechevalier.fr\/?page_id=5177","title":{"rendered":"Mentions l\u00e9gales"},"content":{"rendered":"\t\t<div data-elementor-type=\"wp-page\" data-elementor-id=\"5177\" class=\"elementor elementor-5177\" data-elementor-post-type=\"page\">\n\t\t\t\t\t\t<section class=\"elementor-section elementor-top-section elementor-element elementor-element-a35b5be elementor-section-height-min-height elementor-section-boxed elementor-section-height-default elementor-section-items-middle\" data-id=\"a35b5be\" data-element_type=\"section\" data-e-type=\"section\">\n\t\t\t\t\t\t<div class=\"elementor-container elementor-column-gap-default\">\n\t\t\t\t\t<div class=\"elementor-column elementor-col-100 elementor-top-column elementor-element elementor-element-6744e4f\" data-id=\"6744e4f\" data-element_type=\"column\" data-e-type=\"column\">\n\t\t\t<div class=\"elementor-widget-wrap elementor-element-populated\">\n\t\t\t\t\t\t<div class=\"elementor-element elementor-element-4e2297e elementor-widget elementor-widget-heading\" data-id=\"4e2297e\" data-element_type=\"widget\" data-e-type=\"widget\" data-widget_type=\"heading.default\">\n\t\t\t\t<div class=\"elementor-widget-container\">\n\t\t\t\t\t<h2 class=\"elementor-heading-title elementor-size-default\">Mentions l\u00e9gales<\/h2>\t\t\t\t<\/div>\n\t\t\t\t<\/div>\n\t\t\t\t<div class=\"elementor-element elementor-element-0cc8865 elementor-widget elementor-widget-text-editor\" data-id=\"0cc8865\" data-element_type=\"widget\" data-e-type=\"widget\" data-widget_type=\"text-editor.default\">\n\t\t\t\t<div class=\"elementor-widget-container\">\n\t\t\t\t\t\t\t\t\t<h3 data-start=\"224\" data-end=\"251\"><span style=\"color: #993366;\"><strong data-start=\"227\" data-end=\"249\">1. \u00c9diteur du site<\/strong><\/span><\/h3><p data-start=\"252\" data-end=\"638\">Le pr\u00e9sent site est \u00e9dit\u00e9 par : PRsoft &#8211; <span style=\"font-style: inherit; font-weight: inherit; letter-spacing: 0px;\"><span style=\"font-family: Electrolize;\">\u00a0<span style=\"color: #000000;\"><a style=\"color: #000000;\" href=\"https:\/\/www.prsoft.fr\/\">www.prsoft.fr<\/a><\/span><\/span><\/span><\/p><p style=\"text-align: justify;\"><strong data-start=\"419\" data-end=\"430\">Adresse<\/strong> : 4 rue des artisans 28190 Fontaine la Guyon<br data-start=\"456\" data-end=\"459\" \/><strong data-start=\"459\" data-end=\"472\">T\u00e9l\u00e9phone<\/strong> : 02 37 36 18 82<br data-start=\"502\" data-end=\"505\" \/><strong data-start=\"505\" data-end=\"515\">E-mail<\/strong> : <span style=\"color: #000000;\"><a style=\"color: #000000;\" href=\"mailto:priolet@prsoft.fr\">priolet@prsoft.fr<\/a><\/span><br data-start=\"551\" data-end=\"554\" \/><strong data-start=\"554\" data-end=\"570\">Num\u00e9ro SIRET<\/strong> :\u00a0<span style=\"color: #000000; font-family: Electrolize; text-align: justify;\">480 167 584 00014<\/span><\/p><h3 data-start=\"640\" data-end=\"671\"><span style=\"color: #993366;\"><strong data-start=\"643\" data-end=\"669\">2. H\u00e9bergement du site<\/strong><\/span><\/h3><p data-start=\"672\" data-end=\"824\">Le site est h\u00e9berg\u00e9 par :<br data-start=\"697\" data-end=\"700\" \/><strong data-start=\"700\" data-end=\"711\">OVH SAS<\/strong><br data-start=\"711\" data-end=\"714\" \/>2 rue Kellermann \u2013 59100 Roubaix \u2013 France<br data-start=\"755\" data-end=\"758\" \/>T\u00e9l\u00e9phone : 1007<br data-start=\"774\" data-end=\"777\" \/>Site web : <a href=\"https:\/\/www.ovh.com\" target=\"_new\" rel=\"noopener\" data-start=\"788\" data-end=\"822\">www.ovh.com<\/a><\/p><h3 data-start=\"826\" data-end=\"862\"><span style=\"color: #993366;\"><strong data-start=\"829\" data-end=\"860\">3. Propri\u00e9t\u00e9 intellectuelle<\/strong><\/span><\/h3><p data-start=\"863\" data-end=\"1094\">L\u2019ensemble des contenus pr\u00e9sents sur le site (textes, images, logos, vid\u00e9os, etc.) est prot\u00e9g\u00e9 par le droit d\u2019auteur et la propri\u00e9t\u00e9 intellectuelle. Toute reproduction, distribution ou utilisation sans autorisation est interdite.<\/p><h3 data-start=\"1096\" data-end=\"1143\"><span style=\"color: #993366;\"><strong data-start=\"1099\" data-end=\"1141\">4. Protection des donn\u00e9es personnelles<\/strong><\/span><\/h3><p data-start=\"1144\" data-end=\"1411\">Conform\u00e9ment au <strong data-start=\"1160\" data-end=\"1218\">R\u00e8glement G\u00e9n\u00e9ral sur la Protection des Donn\u00e9es (RGPD)<\/strong>, les informations collect\u00e9es via le site (formulaire de contact, cookies, etc.) sont utilis\u00e9es uniquement pour r\u00e9pondre aux demandes des utilisateurs et am\u00e9liorer l\u2019exp\u00e9rience de navigation.<\/p><p data-start=\"1413\" data-end=\"1566\">Vous disposez d\u2019un droit d\u2019acc\u00e8s, de rectification et de suppression des donn\u00e9es vous concernant. Pour toute demande, contactez-nous \u00e0 : <strong><a href=\"mailto:contact@aura-groupechevalier.fr\"><span style=\"color: #000000;\">contact@aura-groupechevalier.fr<\/span> <\/a><\/strong><\/p><h3 data-start=\"1568\" data-end=\"1587\"><span style=\"color: #993366;\"><strong data-start=\"1571\" data-end=\"1585\">5. Cookies<\/strong><\/span><\/h3><p data-start=\"1588\" data-end=\"1711\">Le site peut utiliser des cookies pour am\u00e9liorer la navigation. Vous pouvez param\u00e9trer votre navigateur pour les refuser.<\/p><h3 data-start=\"1713\" data-end=\"1739\"><span style=\"color: #993366;\"><strong data-start=\"1716\" data-end=\"1737\">6. Responsabilit\u00e9<\/strong><\/span><\/h3><p data-start=\"1740\" data-end=\"1862\">L\u2019\u00e9diteur du site d\u00e9cline toute responsabilit\u00e9 en cas d\u2019interruptions, erreurs ou dommages li\u00e9s \u00e0 l\u2019utilisation du site.<\/p><h3 data-start=\"1864\" data-end=\"1892\"><span style=\"color: #993366;\"><strong data-start=\"1867\" data-end=\"1890\">7. Droit applicable<\/strong><\/span><\/h3><p data-start=\"1893\" data-end=\"2041\">Les pr\u00e9sentes mentions l\u00e9gales sont soumises au droit fran\u00e7ais.<\/p>\t\t\t\t\t\t\t\t<\/div>\n\t\t\t\t<\/div>\n\t\t\t\t\t<\/div>\n\t\t<\/div>\n\t\t\t\t\t<\/div>\n\t\t<\/section>\n\t\t\t\t<\/div>\n\t\t","protected":false},"excerpt":{"rendered":"<p>Mentions l\u00e9gales 1. \u00c9diteur du site Le pr\u00e9sent site est \u00e9dit\u00e9 par : PRsoft &#8211; \u00a0www.prsoft.fr Adresse : 4 rue des artisans 28190 Fontaine la GuyonT\u00e9l\u00e9phone : 02 37 36 18 82E-mail : priolet@prsoft.frNum\u00e9ro SIRET :\u00a0480 167 584 00014 2. H\u00e9bergement du site Le site est h\u00e9berg\u00e9 par :OVH SAS2 rue Kellermann \u2013 59100 Roubaix [&hellip;]<\/p>\n","protected":false},"author":1,"featured_media":0,"parent":0,"menu_order":0,"comment_status":"closed","ping_status":"closed","template":"","meta":{"site-sidebar-layout":"no-sidebar","site-content-layout":"page-builder","ast-site-content-layout":"full-width-container","site-content-style":"default","site-sidebar-style":"default","ast-global-header-display":"","ast-banner-title-visibility":"","ast-main-header-display":"","ast-hfb-above-header-display":"","ast-hfb-below-header-display":"","ast-hfb-mobile-header-display":"","site-post-title":"disabled","ast-breadcrumbs-content":"","ast-featured-img":"disabled","footer-sml-layout":"","ast-disable-related-posts":"","theme-transparent-header-meta":"default","adv-header-id-meta":"","stick-header-meta":"","header-above-stick-meta":"","header-main-stick-meta":"","header-below-stick-meta":"","astra-migrate-meta-layouts":"set","ast-page-background-enabled":"default","ast-page-background-meta":{"desktop":{"background-color":"var(--ast-global-color-4)","background-image":"","background-repeat":"repeat","background-position":"center center","background-size":"auto","background-attachment":"scroll","background-type":"","background-media":"","overlay-type":"","overlay-color":"","overlay-opacity":"","overlay-gradient":""},"tablet":{"background-color":"","background-image":"","background-repeat":"repeat","background-position":"center center","background-size":"auto","background-attachment":"scroll","background-type":"","background-media":"","overlay-type":"","overlay-color":"","overlay-opacity":"","overlay-gradient":""},"mobile":{"background-color":"","background-image":"","background-repeat":"repeat","background-position":"center center","background-size":"auto","background-attachment":"scroll","background-type":"","background-media":"","overlay-type":"","overlay-color":"","overlay-opacity":"","overlay-gradient":""}},"ast-content-background-meta":{"desktop":{"background-color":"var(--ast-global-color-5)","background-image":"","background-repeat":"repeat","background-position":"center center","background-size":"auto","background-attachment":"scroll","background-type":"","background-media":"","overlay-type":"","overlay-color":"","overlay-opacity":"","overlay-gradient":""},"tablet":{"background-color":"var(--ast-global-color-5)","background-image":"","background-repeat":"repeat","background-position":"center center","background-size":"auto","background-attachment":"scroll","background-type":"","background-media":"","overlay-type":"","overlay-color":"","overlay-opacity":"","overlay-gradient":""},"mobile":{"background-color":"var(--ast-global-color-5)","background-image":"","background-repeat":"repeat","background-position":"center center","background-size":"auto","background-attachment":"scroll","background-type":"","background-media":"","overlay-type":"","overlay-color":"","overlay-opacity":"","overlay-gradient":""}},"footnotes":""},"class_list":["post-5177","page","type-page","status-publish","hentry"],"yoast_head":"<!-- This site is optimized with the Yoast SEO plugin v27.4 - https:\/\/yoast.com\/product\/yoast-seo-wordpress\/ -->\n<title>Mentions l\u00e9gales -<\/title>\n<meta name=\"robots\" content=\"index, follow, max-snippet:-1, max-image-preview:large, max-video-preview:-1\" \/>\n<link rel=\"canonical\" href=\"https:\/\/aura-groupechevalier.fr\/?page_id=5177\" \/>\n<meta property=\"og:locale\" content=\"fr_FR\" \/>\n<meta property=\"og:type\" content=\"article\" \/>\n<meta property=\"og:title\" content=\"Mentions l\u00e9gales -\" \/>\n<meta property=\"og:description\" content=\"Mentions l\u00e9gales 1. \u00c9diteur du site Le pr\u00e9sent site est \u00e9dit\u00e9 par : PRsoft &#8211; \u00a0www.prsoft.fr Adresse : 4 rue des artisans 28190 Fontaine la GuyonT\u00e9l\u00e9phone : 02 37 36 18 82E-mail : priolet@prsoft.frNum\u00e9ro SIRET :\u00a0480 167 584 00014 2. H\u00e9bergement du site Le site est h\u00e9berg\u00e9 par :OVH SAS2 rue Kellermann \u2013 59100 Roubaix [&hellip;]\" \/>\n<meta property=\"og:url\" content=\"https:\/\/aura-groupechevalier.fr\/?page_id=5177\" \/>\n<meta property=\"article:modified_time\" content=\"2025-02-19T10:20:46+00:00\" \/>\n<meta name=\"twitter:card\" content=\"summary_large_image\" \/>\n<meta name=\"twitter:label1\" content=\"Dur\u00e9e de lecture estim\u00e9e\" \/>\n\t<meta name=\"twitter:data1\" content=\"2 minutes\" \/>\n<script type=\"application\/ld+json\" class=\"yoast-schema-graph\">{\"@context\":\"https:\\\/\\\/schema.org\",\"@graph\":[{\"@type\":\"WebPage\",\"@id\":\"https:\\\/\\\/aura-groupechevalier.fr\\\/?page_id=5177\",\"url\":\"https:\\\/\\\/aura-groupechevalier.fr\\\/?page_id=5177\",\"name\":\"Mentions l\u00e9gales -\",\"isPartOf\":{\"@id\":\"https:\\\/\\\/aura-groupechevalier.fr\\\/#website\"},\"datePublished\":\"2025-02-19T10:03:44+00:00\",\"dateModified\":\"2025-02-19T10:20:46+00:00\",\"breadcrumb\":{\"@id\":\"https:\\\/\\\/aura-groupechevalier.fr\\\/?page_id=5177#breadcrumb\"},\"inLanguage\":\"fr-FR\",\"potentialAction\":[{\"@type\":\"ReadAction\",\"target\":[\"https:\\\/\\\/aura-groupechevalier.fr\\\/?page_id=5177\"]}]},{\"@type\":\"BreadcrumbList\",\"@id\":\"https:\\\/\\\/aura-groupechevalier.fr\\\/?page_id=5177#breadcrumb\",\"itemListElement\":[{\"@type\":\"ListItem\",\"position\":1,\"name\":\"Accueil\",\"item\":\"https:\\\/\\\/aura-groupechevalier.fr\\\/\"},{\"@type\":\"ListItem\",\"position\":2,\"name\":\"Mentions l\u00e9gales\"}]},{\"@type\":\"WebSite\",\"@id\":\"https:\\\/\\\/aura-groupechevalier.fr\\\/#website\",\"url\":\"https:\\\/\\\/aura-groupechevalier.fr\\\/\",\"name\":\"\",\"description\":\"Valorisez votre entreprise en communiquant sur les parkings de grandes surfaces\",\"potentialAction\":[{\"@type\":\"SearchAction\",\"target\":{\"@type\":\"EntryPoint\",\"urlTemplate\":\"https:\\\/\\\/aura-groupechevalier.fr\\\/?s={search_term_string}\"},\"query-input\":{\"@type\":\"PropertyValueSpecification\",\"valueRequired\":true,\"valueName\":\"search_term_string\"}}],\"inLanguage\":\"fr-FR\"}]}<\/script>\n<!-- \/ Yoast SEO plugin. -->","yoast_head_json":{"title":"Mentions l\u00e9gales -","robots":{"index":"index","follow":"follow","max-snippet":"max-snippet:-1","max-image-preview":"max-image-preview:large","max-video-preview":"max-video-preview:-1"},"canonical":"https:\/\/aura-groupechevalier.fr\/?page_id=5177","og_locale":"fr_FR","og_type":"article","og_title":"Mentions l\u00e9gales -","og_description":"Mentions l\u00e9gales 1. \u00c9diteur du site Le pr\u00e9sent site est \u00e9dit\u00e9 par : PRsoft &#8211; \u00a0www.prsoft.fr Adresse : 4 rue des artisans 28190 Fontaine la GuyonT\u00e9l\u00e9phone : 02 37 36 18 82E-mail : priolet@prsoft.frNum\u00e9ro SIRET :\u00a0480 167 584 00014 2. H\u00e9bergement du site Le site est h\u00e9berg\u00e9 par :OVH SAS2 rue Kellermann \u2013 59100 Roubaix [&hellip;]","og_url":"https:\/\/aura-groupechevalier.fr\/?page_id=5177","article_modified_time":"2025-02-19T10:20:46+00:00","twitter_card":"summary_large_image","twitter_misc":{"Dur\u00e9e de lecture estim\u00e9e":"2 minutes"},"schema":{"@context":"https:\/\/schema.org","@graph":[{"@type":"WebPage","@id":"https:\/\/aura-groupechevalier.fr\/?page_id=5177","url":"https:\/\/aura-groupechevalier.fr\/?page_id=5177","name":"Mentions l\u00e9gales -","isPartOf":{"@id":"https:\/\/aura-groupechevalier.fr\/#website"},"datePublished":"2025-02-19T10:03:44+00:00","dateModified":"2025-02-19T10:20:46+00:00","breadcrumb":{"@id":"https:\/\/aura-groupechevalier.fr\/?page_id=5177#breadcrumb"},"inLanguage":"fr-FR","potentialAction":[{"@type":"ReadAction","target":["https:\/\/aura-groupechevalier.fr\/?page_id=5177"]}]},{"@type":"BreadcrumbList","@id":"https:\/\/aura-groupechevalier.fr\/?page_id=5177#breadcrumb","itemListElement":[{"@type":"ListItem","position":1,"name":"Accueil","item":"https:\/\/aura-groupechevalier.fr\/"},{"@type":"ListItem","position":2,"name":"Mentions l\u00e9gales"}]},{"@type":"WebSite","@id":"https:\/\/aura-groupechevalier.fr\/#website","url":"https:\/\/aura-groupechevalier.fr\/","name":"","description":"Valorisez votre entreprise en communiquant sur les parkings de grandes surfaces","potentialAction":[{"@type":"SearchAction","target":{"@type":"EntryPoint","urlTemplate":"https:\/\/aura-groupechevalier.fr\/?s={search_term_string}"},"query-input":{"@type":"PropertyValueSpecification","valueRequired":true,"valueName":"search_term_string"}}],"inLanguage":"fr-FR"}]}},"_links":{"self":[{"href":"https:\/\/aura-groupechevalier.fr\/index.php?rest_route=\/wp\/v2\/pages\/5177","targetHints":{"allow":["GET"]}}],"collection":[{"href":"https:\/\/aura-groupechevalier.fr\/index.php?rest_route=\/wp\/v2\/pages"}],"about":[{"href":"https:\/\/aura-groupechevalier.fr\/index.php?rest_route=\/wp\/v2\/types\/page"}],"author":[{"embeddable":true,"href":"https:\/\/aura-groupechevalier.fr\/index.php?rest_route=\/wp\/v2\/users\/1"}],"replies":[{"embeddable":true,"href":"https:\/\/aura-groupechevalier.fr\/index.php?rest_route=%2Fwp%2Fv2%2Fcomments&post=5177"}],"version-history":[{"count":4,"href":"https:\/\/aura-groupechevalier.fr\/index.php?rest_route=\/wp\/v2\/pages\/5177\/revisions"}],"predecessor-version":[{"id":5183,"href":"https:\/\/aura-groupechevalier.fr\/index.php?rest_route=\/wp\/v2\/pages\/5177\/revisions\/5183"}],"wp:attachment":[{"href":"https:\/\/aura-groupechevalier.fr\/index.php?rest_route=%2Fwp%2Fv2%2Fmedia&parent=5177"}],"curies":[{"name":"wp","href":"https:\/\/api.w.org\/{rel}","templated":true}]}}